{"id":2039,"date":"2019-07-01T19:13:54","date_gmt":"2019-07-01T19:13:54","guid":{"rendered":"https:\/\/demo.gloriathemes.com\/luxe\/demo\/?page_id=2039"},"modified":"2026-01-07T13:18:26","modified_gmt":"2026-01-07T16:18:26","slug":"inicio","status":"publish","type":"page","link":"https:\/\/www.transreallogistica.com.br\/","title":{"rendered":"In\u00edcio"},"content":{"rendered":"<p>[vc_row full_width=&#8221;stretch_row_content_no_spaces&#8221;][vc_column]<div class=\"gt-slider\" style=\"height: 100vh;\"><div class=\"swiper-container gt-swiper-slider\" data-gt-direction=\"vertical\" data-gt-item=\"1\" data-gt-item-space=\"0\" data-gt-effect=\"slide\" data-gt-speed=\"1000\" data-gt-loop=\"true\" data-gt-centered-slides=\"true\" data-gt-free-mode=\"false\" data-gt-mousewheel=\"false\" data-gt-lazy-loading=\"true\"><div class=\"swiper-wrapper\"><div class=\"swiper-slide\"><div class=\"gt-img swiper-lazy gt-opacity-effect-true gt-background-position-default gt-background-attachment-default gt-background-size-contain gt-background-repeat-repeat\" data-background=\"https:\/\/www.transreallogistica.com.br\/wp-content\/uploads\/2025\/06\/banner-site-1.jpg\"><div class=\"swiper-lazy-preloader\"><\/div><\/div><div class=\"gt-container\"><div class=\"gt-page-heading gt-center\"><div class=\"gt-line\"><\/div><span>37 anos<\/span><h1>em constante movimento<\/h1><\/div><\/div><\/div><div class=\"swiper-slide\"><div class=\"gt-img swiper-lazy gt-opacity-effect-true gt-background-position-default gt-background-attachment-default gt-background-size-default gt-background-repeat-default\" data-background=\"https:\/\/www.transreallogistica.com.br\/wp-content\/uploads\/2020\/05\/img_home_01-min.jpg\"><div class=\"swiper-lazy-preloader\"><\/div><\/div><div class=\"gt-container\"><div class=\"gt-page-heading gt-center\"><div class=\"gt-line\"><\/div><span>Trans Real Log\u00edstica<\/span><h1>Superando tempo e dist\u00e2ncia<\/h1><a href=\"https:\/\/www.transreallogistica.com.br\/?page_id=279\" target=\"_parent\" class=\"gt-btn gt-btn-slider\">Conhe\u00e7a<\/a><\/div><\/div><\/div><div class=\"swiper-slide\"><div class=\"gt-img swiper-lazy gt-opacity-effect-true gt-background-position-default gt-background-attachment-default gt-background-size-default gt-background-repeat-default\" data-background=\"https:\/\/www.transreallogistica.com.br\/wp-content\/uploads\/2020\/05\/img_home_02.jpg\"><div class=\"swiper-lazy-preloader\"><\/div><\/div><div class=\"gt-container\"><div class=\"gt-page-heading gt-center\"><div class=\"gt-line\"><\/div><span>Excel\u00eancia em<\/span><h1>Transportes Fracionados, Refrigerados, Importa\u00e7\u00e3o e Exporta\u00e7\u00e3o<\/h1><a href=\"https:\/\/www.transreallogistica.com.br\/?page_id=301\" target=\"_parent\" class=\"gt-btn gt-btn-slider\">Nossos Servi\u00e7os<\/a><\/div><\/div><\/div><\/div><div class=\"gt-slider-controls\"><div class=\"gt-slider-button gt-slider-prev\"><svg xmlns=\"http:\/\/www.w3.org\/2000\/svg\" viewBox=\"0 0 24 24\" fill=\"none\" stroke=\"currentColor\" stroke-width=\"2\" stroke-linecap=\"round\" stroke-linejoin=\"round\"><polyline points=\"15 18 9 12 15 6\"><\/polyline><\/svg><\/div><div class=\"gt-slider-button gt-slider-next\"><svg xmlns=\"http:\/\/www.w3.org\/2000\/svg\" viewBox=\"0 0 24 24\" fill=\"none\" stroke=\"currentColor\" stroke-width=\"2\" stroke-linecap=\"round\" stroke-linejoin=\"round\"><polyline points=\"9 18 15 12 9 6\"><\/polyline><\/svg><\/div><\/div><\/div><\/div>[\/vc_column][\/vc_row][vc_row full_width=&#8221;stretch_row_content_no_spaces&#8221;][vc_column]<div class=\"gt-info-box gt-style-1 gt-align-right\"><div class=\"gt-img gt-lazy-load\" data-bg=\"https:\/\/www.transreallogistica.com.br\/wp-content\/uploads\/2022\/02\/01_img_transreal_capa-765x825.jpg\"><div class=\"gt-overlay gt-opacity-effect-true\"><\/div><\/div><div class=\"gt-container\"><div class=\"gt-content\"><div class=\"gt-line\"><\/div><span class=\"gt-subtitle\">Conhe\u00e7a<\/span><h3 class=\"gt-title\">Tradi\u00e7\u00e3o e excel\u00eancia no transporte rodovi\u00e1rio<\/h3><div class=\"gt-excerpt\"><\/p>\n<p>Muito mais que transporte de cargas, a Trans Real transporta credibilidade e respeito e vem superando tempo e dist\u00e2ncias atrav\u00e9s de sua gest\u00e3o estrat\u00e9gica de neg\u00f3cio. Foi em 1988, atrav\u00e9s do comprometimento com sua Vis\u00e3o, Miss\u00e3o e Valores que a Trans Real partiu do sonho de ter um caminh\u00e3o para a realiza\u00e7\u00e3o de ter uma grande frota apta a atender grandes mercados consumidores.<\/p>\n<\/div><\/div><\/div><\/div>[\/vc_column][\/vc_row][vc_row full_width=&#8221;stretch_row&#8221;][vc_column][vc_btn title=&#8221;CONHE\u00c7A MAIS&#8221; style=&#8221;flat&#8221; shape=&#8221;round&#8221; color=&#8221;sky&#8221; size=&#8221;lg&#8221; align=&#8221;left&#8221; link=&#8221;url:https%3A%2F%2Fwww.transreallogistica.com.br%2F%3Fpage_id%3D279|title:Institucional||&#8221;][\/vc_column][\/vc_row][vc_row][vc_column][vc_row_inner][vc_column_inner offset=&#8221;vc_col-lg-1\/5 vc_col-md-1\/5 vc_hidden-sm vc_hidden-xs&#8221;][\/vc_column_inner][vc_column_inner offset=&#8221;vc_col-lg-3\/5 vc_col-md-3\/5&#8243;][vc_empty_space height=&#8221;120px&#8221;]<div class=\"gt-page-heading gt-dark gt-center\"><div class=\"gt-line\"><\/div><span>Log\u00edstica personalizada<\/span><h1>Conhe\u00e7a nossas especialidades<\/h1><\/div>[vc_empty_space height=&#8221;85px&#8221;][\/vc_column_inner][vc_column_inner offset=&#8221;vc_col-lg-1\/5 vc_col-md-1\/5 vc_hidden-sm vc_hidden-xs&#8221;][\/vc_column_inner][\/vc_row_inner][vc_row_inner][vc_column_inner]<div class=\"gt-project-list gt-style-2 gt-columns gt-column-1 gt-opacity-effect-true\"><div class=\"gt-item gt-col\"><div class=\"gt-img\"><a href=\"https:\/\/www.transreallogistica.com.br\/?project=cargas-fracionadas\"><img width=\"750\" height=\"750\" class=\"attachment-luxe-project-2 size-luxe-project-2 gt-lazy-load wp-post-image\" alt=\"\" loading=\"lazy\" data-src=\"https:\/\/www.transreallogistica.com.br\/wp-content\/uploads\/2018\/09\/img_transreal_especialidades_01-750x750.jpg\" data-srcset=\"https:\/\/www.transreallogistica.com.br\/wp-content\/uploads\/2018\/09\/img_transreal_especialidades_01-750x750.jpg 750w, https:\/\/www.transreallogistica.com.br\/wp-content\/uploads\/2018\/09\/img_transreal_especialidades_01-300x300.jpg 300w, https:\/\/www.transreallogistica.com.br\/wp-content\/uploads\/2018\/09\/img_transreal_especialidades_01-150x150.jpg 150w, https:\/\/www.transreallogistica.com.br\/wp-content\/uploads\/2018\/09\/img_transreal_especialidades_01-768x768.jpg 768w, https:\/\/www.transreallogistica.com.br\/wp-content\/uploads\/2018\/09\/img_transreal_especialidades_01-555x555.jpg 555w, https:\/\/www.transreallogistica.com.br\/wp-content\/uploads\/2018\/09\/img_transreal_especialidades_01-540x540.jpg 540w, https:\/\/www.transreallogistica.com.br\/wp-content\/uploads\/2018\/09\/img_transreal_especialidades_01-800x800.jpg 800w, https:\/\/www.transreallogistica.com.br\/wp-content\/uploads\/2018\/09\/img_transreal_especialidades_01-65x65.jpg 65w, https:\/\/www.transreallogistica.com.br\/wp-content\/uploads\/2018\/09\/img_transreal_especialidades_01-350x350.jpg 350w, https:\/\/www.transreallogistica.com.br\/wp-content\/uploads\/2018\/09\/img_transreal_especialidades_01-650x650.jpg 650w, https:\/\/www.transreallogistica.com.br\/wp-content\/uploads\/2018\/09\/img_transreal_especialidades_01.jpg 960w\" data-sizes=\"(max-width: 750px) 100vw, 750px\" \/><div class=\"gt-overlay\"><div class=\"gt-overlay-color\"><\/div><div class=\"gt-overlay-icon\"><svg xmlns=\"http:\/\/www.w3.org\/2000\/svg\" width=\"24\" height=\"24\" viewBox=\"0 0 24 24\" fill=\"none\" stroke=\"currentColor\" stroke-width=\"1\" stroke-linecap=\"round\" stroke-linejoin=\"round\" class=\"feather feather-arrow-right\"><line x1=\"5\" y1=\"12\" x2=\"19\" y2=\"12\"><\/line><polyline points=\"12 5 19 12 12 19\"><\/polyline><\/svg><\/div><\/div><\/a><\/div><div class=\"gt-content\"><div class=\"gt-line\"><\/div><h3 class=\"gt-title\"><a href=\"https:\/\/www.transreallogistica.com.br\/?project=cargas-fracionadas\">Cargas Fracionadas<\/a><\/h3><p class=\"gt-excerpt\">Atendimento a clientes diversos para remessa e transporte de cargas fracionadas, oferecendo rotas de coleta e entrega, centros de consolida\u00e7\u00e3o, transbordo e rotas de transfer\u00eancias, efetuando os processos de coleta e entregas com confiabilidade.<\/p><ul class=\"gt-cat\"><li><a href=\"https:\/\/www.transreallogistica.com.br\/?project-category=_\">_<\/a><\/li><\/ul><\/div><\/div><div class=\"gt-item gt-col\"><div class=\"gt-img\"><a href=\"https:\/\/www.transreallogistica.com.br\/?project=cargas-refrigeradas\"><img width=\"750\" height=\"750\" class=\"attachment-luxe-project-2 size-luxe-project-2 gt-lazy-load wp-post-image\" alt=\"\" loading=\"lazy\" data-src=\"https:\/\/www.transreallogistica.com.br\/wp-content\/uploads\/2018\/04\/img_transreal_especialidades_03-750x750.jpg\" data-srcset=\"https:\/\/www.transreallogistica.com.br\/wp-content\/uploads\/2018\/04\/img_transreal_especialidades_03-750x750.jpg 750w, https:\/\/www.transreallogistica.com.br\/wp-content\/uploads\/2018\/04\/img_transreal_especialidades_03-300x300.jpg 300w, https:\/\/www.transreallogistica.com.br\/wp-content\/uploads\/2018\/04\/img_transreal_especialidades_03-150x150.jpg 150w, https:\/\/www.transreallogistica.com.br\/wp-content\/uploads\/2018\/04\/img_transreal_especialidades_03-768x768.jpg 768w, https:\/\/www.transreallogistica.com.br\/wp-content\/uploads\/2018\/04\/img_transreal_especialidades_03-555x555.jpg 555w, https:\/\/www.transreallogistica.com.br\/wp-content\/uploads\/2018\/04\/img_transreal_especialidades_03-540x540.jpg 540w, https:\/\/www.transreallogistica.com.br\/wp-content\/uploads\/2018\/04\/img_transreal_especialidades_03-800x800.jpg 800w, https:\/\/www.transreallogistica.com.br\/wp-content\/uploads\/2018\/04\/img_transreal_especialidades_03-65x65.jpg 65w, https:\/\/www.transreallogistica.com.br\/wp-content\/uploads\/2018\/04\/img_transreal_especialidades_03-350x350.jpg 350w, https:\/\/www.transreallogistica.com.br\/wp-content\/uploads\/2018\/04\/img_transreal_especialidades_03-650x650.jpg 650w, https:\/\/www.transreallogistica.com.br\/wp-content\/uploads\/2018\/04\/img_transreal_especialidades_03.jpg 960w\" data-sizes=\"(max-width: 750px) 100vw, 750px\" \/><div class=\"gt-overlay\"><div class=\"gt-overlay-color\"><\/div><div class=\"gt-overlay-icon\"><svg xmlns=\"http:\/\/www.w3.org\/2000\/svg\" width=\"24\" height=\"24\" viewBox=\"0 0 24 24\" fill=\"none\" stroke=\"currentColor\" stroke-width=\"1\" stroke-linecap=\"round\" stroke-linejoin=\"round\" class=\"feather feather-arrow-right\"><line x1=\"5\" y1=\"12\" x2=\"19\" y2=\"12\"><\/line><polyline points=\"12 5 19 12 12 19\"><\/polyline><\/svg><\/div><\/div><\/a><\/div><div class=\"gt-content\"><div class=\"gt-line\"><\/div><h3 class=\"gt-title\"><a href=\"https:\/\/www.transreallogistica.com.br\/?project=cargas-refrigeradas\">Cargas Refrigeradas<\/a><\/h3><p class=\"gt-excerpt\">Atendimento a clientes espec\u00edficos que necessitam transportar seus produtos em cargas com refrigera\u00e7\u00e3o controlada e modificada para manter a qualidade e prorrogar a vida de cargas altamente sens\u00edveis e produtos perec\u00edveis.<\/p><ul class=\"gt-cat\"><li><a href=\"https:\/\/www.transreallogistica.com.br\/?project-category=_\">_<\/a><\/li><\/ul><\/div><\/div><div class=\"gt-item gt-col\"><div class=\"gt-img\"><a href=\"https:\/\/www.transreallogistica.com.br\/?project=importacao-e-exportacao\"><img width=\"750\" height=\"750\" class=\"attachment-luxe-project-2 size-luxe-project-2 gt-lazy-load wp-post-image\" alt=\"\" loading=\"lazy\" data-src=\"https:\/\/www.transreallogistica.com.br\/wp-content\/uploads\/2018\/03\/img_transreal_especialidades_04-750x750.jpg\" data-srcset=\"https:\/\/www.transreallogistica.com.br\/wp-content\/uploads\/2018\/03\/img_transreal_especialidades_04-750x750.jpg 750w, https:\/\/www.transreallogistica.com.br\/wp-content\/uploads\/2018\/03\/img_transreal_especialidades_04-300x300.jpg 300w, https:\/\/www.transreallogistica.com.br\/wp-content\/uploads\/2018\/03\/img_transreal_especialidades_04-150x150.jpg 150w, https:\/\/www.transreallogistica.com.br\/wp-content\/uploads\/2018\/03\/img_transreal_especialidades_04-768x768.jpg 768w, https:\/\/www.transreallogistica.com.br\/wp-content\/uploads\/2018\/03\/img_transreal_especialidades_04-555x555.jpg 555w, https:\/\/www.transreallogistica.com.br\/wp-content\/uploads\/2018\/03\/img_transreal_especialidades_04-540x540.jpg 540w, https:\/\/www.transreallogistica.com.br\/wp-content\/uploads\/2018\/03\/img_transreal_especialidades_04-800x800.jpg 800w, https:\/\/www.transreallogistica.com.br\/wp-content\/uploads\/2018\/03\/img_transreal_especialidades_04-65x65.jpg 65w, https:\/\/www.transreallogistica.com.br\/wp-content\/uploads\/2018\/03\/img_transreal_especialidades_04-350x350.jpg 350w, https:\/\/www.transreallogistica.com.br\/wp-content\/uploads\/2018\/03\/img_transreal_especialidades_04-650x650.jpg 650w, https:\/\/www.transreallogistica.com.br\/wp-content\/uploads\/2018\/03\/img_transreal_especialidades_04.jpg 960w\" data-sizes=\"(max-width: 750px) 100vw, 750px\" \/><div class=\"gt-overlay\"><div class=\"gt-overlay-color\"><\/div><div class=\"gt-overlay-icon\"><svg xmlns=\"http:\/\/www.w3.org\/2000\/svg\" width=\"24\" height=\"24\" viewBox=\"0 0 24 24\" fill=\"none\" stroke=\"currentColor\" stroke-width=\"1\" stroke-linecap=\"round\" stroke-linejoin=\"round\" class=\"feather feather-arrow-right\"><line x1=\"5\" y1=\"12\" x2=\"19\" y2=\"12\"><\/line><polyline points=\"12 5 19 12 12 19\"><\/polyline><\/svg><\/div><\/div><\/a><\/div><div class=\"gt-content\"><div class=\"gt-line\"><\/div><h3 class=\"gt-title\"><a href=\"https:\/\/www.transreallogistica.com.br\/?project=importacao-e-exportacao\">Importa\u00e7\u00e3o e Exporta\u00e7\u00e3o<\/a><\/h3><p class=\"gt-excerpt\">Atendimento \u00e0s necessidades de embarcadores em todo o Brasil, com toda a infraestrutura necess\u00e1ria para as opera\u00e7\u00f5es de exporta\u00e7\u00e3o e importa\u00e7\u00e3o nos principais portos do pa\u00eds, seguindo rigorosas normas internacionais de seguran\u00e7a. Terminal de containers com 34 mil metros quadrados na cidade de Cubat\u00e3o-SP.<\/p><ul class=\"gt-cat\"><li><a href=\"https:\/\/www.transreallogistica.com.br\/?project-category=_\">_<\/a><\/li><\/ul><\/div><\/div><div class=\"gt-item gt-col\"><div class=\"gt-img\"><a href=\"https:\/\/www.transreallogistica.com.br\/?project=armazenagem-seca-e-frigorifica\"><img width=\"750\" height=\"750\" class=\"attachment-luxe-project-2 size-luxe-project-2 gt-lazy-load wp-post-image\" alt=\"\" loading=\"lazy\" data-src=\"https:\/\/www.transreallogistica.com.br\/wp-content\/uploads\/2020\/06\/img_servicos_transreal_04-750x750.jpg\" data-srcset=\"https:\/\/www.transreallogistica.com.br\/wp-content\/uploads\/2020\/06\/img_servicos_transreal_04-750x750.jpg 750w, https:\/\/www.transreallogistica.com.br\/wp-content\/uploads\/2020\/06\/img_servicos_transreal_04-300x300.jpg 300w, https:\/\/www.transreallogistica.com.br\/wp-content\/uploads\/2020\/06\/img_servicos_transreal_04-150x150.jpg 150w, https:\/\/www.transreallogistica.com.br\/wp-content\/uploads\/2020\/06\/img_servicos_transreal_04-768x768.jpg 768w, https:\/\/www.transreallogistica.com.br\/wp-content\/uploads\/2020\/06\/img_servicos_transreal_04-555x555.jpg 555w, https:\/\/www.transreallogistica.com.br\/wp-content\/uploads\/2020\/06\/img_servicos_transreal_04-540x540.jpg 540w, https:\/\/www.transreallogistica.com.br\/wp-content\/uploads\/2020\/06\/img_servicos_transreal_04-800x800.jpg 800w, https:\/\/www.transreallogistica.com.br\/wp-content\/uploads\/2020\/06\/img_servicos_transreal_04-65x65.jpg 65w, https:\/\/www.transreallogistica.com.br\/wp-content\/uploads\/2020\/06\/img_servicos_transreal_04-350x350.jpg 350w, https:\/\/www.transreallogistica.com.br\/wp-content\/uploads\/2020\/06\/img_servicos_transreal_04-650x650.jpg 650w, https:\/\/www.transreallogistica.com.br\/wp-content\/uploads\/2020\/06\/img_servicos_transreal_04.jpg 960w\" data-sizes=\"(max-width: 750px) 100vw, 750px\" \/><div class=\"gt-overlay\"><div class=\"gt-overlay-color\"><\/div><div class=\"gt-overlay-icon\"><svg xmlns=\"http:\/\/www.w3.org\/2000\/svg\" width=\"24\" height=\"24\" viewBox=\"0 0 24 24\" fill=\"none\" stroke=\"currentColor\" stroke-width=\"1\" stroke-linecap=\"round\" stroke-linejoin=\"round\" class=\"feather feather-arrow-right\"><line x1=\"5\" y1=\"12\" x2=\"19\" y2=\"12\"><\/line><polyline points=\"12 5 19 12 12 19\"><\/polyline><\/svg><\/div><\/div><\/a><\/div><div class=\"gt-content\"><div class=\"gt-line\"><\/div><h3 class=\"gt-title\"><a href=\"https:\/\/www.transreallogistica.com.br\/?project=armazenagem-seca-e-frigorifica\">Armazenagem Seca e Frigor\u00edfica<\/a><\/h3><p class=\"gt-excerpt\">A nossos clientes, oferecemos amplos e modernos armaz\u00e9ns estrategicamente localizados, que contam com: estrutura projetada para atender toda a diversidade de armazenagem, como blocos, drive-in e porta-pallets; Moderno sistema de gest\u00e3o \u201cwarehouse\u201d, garantindo acuracidade em tempo real; WMS com capacidade de varia\u00e7\u00f5es na forma de expedi\u00e7\u00e3o.<\/p><ul class=\"gt-cat\"><li><a href=\"https:\/\/www.transreallogistica.com.br\/?project-category=_\">_<\/a><\/li><\/ul><\/div><\/div><\/div>[\/vc_column_inner][\/vc_row_inner][vc_empty_space height=&#8221;60px&#8221;][\/vc_column][\/vc_row][vc_row full_width=&#8221;stretch_row&#8221;][vc_column][vc_row_inner][vc_column_inner offset=&#8221;vc_col-lg-1\/5 vc_col-md-1\/5 vc_hidden-sm vc_hidden-xs&#8221;][\/vc_column_inner][vc_column_inner offset=&#8221;vc_col-lg-3\/5 vc_col-md-3\/5&#8243;][vc_empty_space height=&#8221;85px&#8221;]<div class=\"gt-page-heading gt-dark gt-center\"><div class=\"gt-line\"><\/div><span>Nossos Servi\u00e7os<\/span><h1>Solu\u00e7\u00f5es completas e personalizadas para atender nossos clientes<\/h1><\/div>[vc_empty_space height=&#8221;80px&#8221;][\/vc_column_inner][vc_column_inner offset=&#8221;vc_col-lg-1\/5 vc_col-md-1\/5 vc_hidden-sm vc_hidden-xs&#8221;][\/vc_column_inner][\/vc_row_inner][\/vc_column][\/vc_row][vc_row][vc_column offset=&#8221;vc_col-lg-2 vc_col-md-2 vc_hidden-sm vc_hidden-xs&#8221;][\/vc_column][vc_column offset=&#8221;vc_col-lg-8 vc_col-md-8&#8243;][vc_column_text]<\/p>\n<p style=\"text-align: center;\">A Trans Real possui uma estrutura completa, sua hist\u00f3ria \u00e9 marcada pela inova\u00e7\u00e3o e aprimoramento constante, com objetivo de oferecer o melhor em apoio log\u00edstico para atender com qualidade seus clientes.<\/p>\n<p>[\/vc_column_text][vc_empty_space height=&#8221;70px&#8221;][\/vc_column][vc_column offset=&#8221;vc_col-lg-2 vc_col-md-2 vc_hidden-sm vc_hidden-xs&#8221;][\/vc_column][\/vc_row][vc_row full_width=&#8221;stretch_row&#8221;][vc_column][vc_row_inner][vc_column_inner width=&#8221;1\/3&#8243;]<div class=\"gt-feature-box gt-align-center gt-style-2\"><div class=\"gt-icon\"><i class=\"fas fa-trailer\"><\/i><\/div><div class=\"gt-content\"><div class=\"gt-subtitle\">-<\/div><h3 class=\"gt-title\">Movimenta\u00e7\u00e3o<\/h3><div class=\"gt-excerpt\"><p>Coletas \u2013 Transfer\u00eancias &#8211; Crossdocking &#8211; Paletiza\u00e7\u00e3o<\/p>\n<\/div><div class=\"gt-line\"><\/div><div class=\"gt-number\">01<\/div><\/div><\/div>[vc_empty_space height=&#8221;60px&#8221;][\/vc_column_inner][vc_column_inner width=&#8221;1\/3&#8243;]<div class=\"gt-feature-box gt-align-center gt-style-2\"><div class=\"gt-icon\"><i class=\"fas fa-warehouse\"><\/i><\/div><div class=\"gt-content\"><div class=\"gt-subtitle\">-<\/div><h3 class=\"gt-title\">Armazenamento<\/h3><div class=\"gt-excerpt\"><p>Plataforma para armazenagem de produtos secos em sua matriz e filiais. C\u00e2maras frias, resfriadas e congeladas para controle de temperaturas de produtos resfriados. Terminal para armazenagem de cont\u00eaineres.<\/p>\n<\/div><div class=\"gt-line\"><\/div><div class=\"gt-number\">02<\/div><\/div><\/div>[vc_empty_space height=&#8221;60px&#8221;][\/vc_column_inner][vc_column_inner width=&#8221;1\/3&#8243;]<div class=\"gt-feature-box gt-align-center gt-style-2\"><div class=\"gt-icon\"><i class=\"fas fa-truck\"><\/i><\/div><div class=\"gt-content\"><div class=\"gt-subtitle\">-<\/div><h3 class=\"gt-title\">Transporte<\/h3><div class=\"gt-excerpt\"><p>Frota diversificada para diferentes tipos de transporte.<\/p>\n<\/div><div class=\"gt-line\"><\/div><div class=\"gt-number\">03<\/div><\/div><\/div>[vc_empty_space height=&#8221;60px&#8221;][\/vc_column_inner][\/vc_row_inner][vc_empty_space height=&#8221;54px&#8221;][\/vc_column][\/vc_row][vc_row full_width=&#8221;stretch_row_content_no_spaces&#8221; css=&#8221;.vc_custom_1623876186871{background-image: url(http:\/\/www.transreallogistica.com.br\/wp-content\/uploads\/2020\/05\/img_transreal_06-min.jpg?id=2566) !important;}&#8221;][vc_column]<div class=\"gt-fullscreen-section\"><div class=\"gt-section gt-left\"><div class=\"gt-img parallax-slider\" data-parallax=\"scroll\" data-speed=\"0.2\" data-z-index=\"2\" data-image-src=\"https:\/\/www.transreallogistica.com.br\/wp-content\/uploads\/2020\/05\/img_transreal_06-min.jpg\"><div class=\"gt-opacity-effect-true\"><\/div><\/div><div class=\"gt-container\"><div class=\"gt-page-heading gt-left\"><div class=\"gt-line\"><\/div><span>Nossa Miss\u00e3o<\/span><h1>Oferecer servi\u00e7os log\u00edsticos para seus clientes, com qualidade, efici\u00eancia e responsabilidade. Faz\u00ea-lo atrav\u00e9s de profissionais qualificados e alinhados com o prop\u00f3sito da empresa.<\/h1><\/div><\/div><\/div><\/div>[\/vc_column][\/vc_row][vc_row full_width=&#8221;stretch_row&#8221;][vc_column][vc_row_inner][vc_column_inner offset=&#8221;vc_col-lg-1\/5 vc_col-md-1\/5 vc_hidden-sm vc_hidden-xs&#8221;][\/vc_column_inner][vc_column_inner offset=&#8221;vc_col-lg-3\/5 vc_col-md-3\/5&#8243;][vc_empty_space height=&#8221;120px&#8221;]<div class=\"gt-page-heading gt-dark gt-center\"><div class=\"gt-line\"><\/div><span>R\u00e1pido e pr\u00e1tico<\/span><\/div>[vc_empty_space height=&#8221;85px&#8221;][\/vc_column_inner][vc_column_inner offset=&#8221;vc_col-lg-1\/5 vc_col-md-1\/5 vc_hidden-sm vc_hidden-xs&#8221;][\/vc_column_inner][\/vc_row_inner][\/vc_column][\/vc_row][vc_row][vc_column offset=&#8221;vc_col-lg-6 vc_col-md-6&#8243;]<div class=\"gt-feature-box gt-side-img gt-align-right gt-style-3\"><div class=\"gt-img\"><div class=\"gt-img-inner gt-lazy-load\" data-bg=\"https:\/\/www.transreallogistica.com.br\/wp-content\/uploads\/2020\/05\/img_transreal_05-min.jpg\"><\/div><\/div><div class=\"gt-container\"><div class=\"row\"><div class=\"col-lg-6\"><div class=\"gt-content\"><div class=\"gt-subtitle\">Solicite uma<\/div><h3 class=\"gt-title\">Cota\u00e7\u00e3o<\/h3><div class=\"gt-excerpt\"><p>Transporte com alta qualidade de servi\u00e7o, prazo e confian\u00e7a! Preencha o nosso formul\u00e1rio de cota\u00e7\u00e3o de frete e aguarde o contato dos nossos representantes.<\/p>\n<\/div><a href=\"https:\/\/www.transreallogistica.com.br\/?page_id=3389\" target=\"_parent\" class=\"gt-btn gt-btn-primary\">MAIS<\/a><\/div><\/div><\/div><\/div><\/div>[vc_empty_space height=&#8221;30px&#8221;][\/vc_column][vc_column offset=&#8221;vc_col-lg-6 vc_col-md-6&#8243;]<div class=\"gt-feature-box gt-side-img gt-align-right gt-style-3\"><div class=\"gt-img\"><div class=\"gt-img-inner gt-lazy-load\" data-bg=\"https:\/\/www.transreallogistica.com.br\/wp-content\/uploads\/2020\/05\/img_transreal_04-3-min.jpg\"><\/div><\/div><div class=\"gt-container\"><div class=\"row\"><div class=\"col-lg-6\"><div class=\"gt-content\"><div class=\"gt-subtitle\">Acompanhamento de<\/div><h3 class=\"gt-title\">Carga<\/h3><div class=\"gt-excerpt\"><p>Visando facilitar e agilizar a consulta do status de cada mercadoria transportada, a Trans Real disponibiliza o servi\u00e7o de rastreamento online das cargas.<\/p>\n<\/div><a href=\"https:\/\/hub.transreal.com.br\/rastreios\" target=\" _blank\" class=\"gt-btn gt-btn-primary\">mais<\/a><\/div><\/div><\/div><\/div><\/div>[vc_empty_space height=&#8221;30px&#8221;][\/vc_column][vc_column][vc_empty_space height=&#8221;90px&#8221;][\/vc_column][\/vc_row]<\/p>\n","protected":false},"excerpt":{"rendered":"<p>[vc_row full_width=&#8221;stretch_row_content_no_spaces&#8221;][vc_column][\/vc_column][\/vc_row][vc_row full_width=&#8221;stretch_row_content_no_spaces&#8221;][vc_column][\/vc_column][\/vc_row][vc_row full_width=&#8221;stretch_row&#8221;][vc_column][vc_btn title=&#8221;CONHE\u00c7A MAIS&#8221; style=&#8221;flat&#8221; shape=&#8221;round&#8221; color=&#8221;sky&#8221; size=&#8221;lg&#8221; align=&#8221;left&#8221; link=&#8221;url:https%3A%2F%2Fwww.transreallogistica.com.br%2F%3Fpage_id%3D279|title:Institucional||&#8221;][\/vc_column][\/vc_row][vc_row][vc_column][vc_row_inner][vc_column_inner offset=&#8221;vc_col-lg-1\/5 vc_col-md-1\/5 vc_hidden-sm vc_hidden-xs&#8221;][\/vc_column_inner][vc_column_inner offset=&#8221;vc_col-lg-3\/5 vc_col-md-3\/5&#8243;][vc_empty_space height=&#8221;120px&#8221;][vc_empty_space height=&#8221;85px&#8221;][\/vc_column_inner][vc_column_inner offset=&#8221;vc_col-lg-1\/5 vc_col-md-1\/5 vc_hidden-sm vc_hidden-xs&#8221;][\/vc_column_inner][\/vc_row_inner][vc_row_inner][vc_column_inner][\/vc_column_inner][\/vc_row_inner][vc_empty_space height=&#8221;60px&#8221;][\/vc_column][\/vc_row][vc_row full_width=&#8221;stretch_row&#8221;][vc_column][vc_row_inner][vc_column_inner offset=&#8221;vc_col-lg-1\/5 vc_col-md-1\/5 vc_hidden-sm vc_hidden-xs&#8221;][\/vc_column_inner][vc_column_inner&#8230;<\/p>\n","protected":false},"author":1,"featured_media":0,"parent":0,"menu_order":0,"comment_status":"closed","ping_status":"closed","template":"","meta":[],"_links":{"self":[{"href":"https:\/\/www.transreallogistica.com.br\/index.php?rest_route=\/wp\/v2\/pages\/2039"}],"collection":[{"href":"https:\/\/www.transreallogistica.com.br\/index.php?rest_route=\/wp\/v2\/pages"}],"about":[{"href":"https:\/\/www.transreallogistica.com.br\/index.php?rest_route=\/wp\/v2\/types\/page"}],"author":[{"embeddable":true,"href":"https:\/\/www.transreallogistica.com.br\/index.php?rest_route=\/wp\/v2\/users\/1"}],"replies":[{"embeddable":true,"href":"https:\/\/www.transreallogistica.com.br\/index.php?rest_route=%2Fwp%2Fv2%2Fcomments&post=2039"}],"version-history":[{"count":153,"href":"https:\/\/www.transreallogistica.com.br\/index.php?rest_route=\/wp\/v2\/pages\/2039\/revisions"}],"predecessor-version":[{"id":3465,"href":"https:\/\/www.transreallogistica.com.br\/index.php?rest_route=\/wp\/v2\/pages\/2039\/revisions\/3465"}],"wp:attachment":[{"href":"https:\/\/www.transreallogistica.com.br\/index.php?rest_route=%2Fwp%2Fv2%2Fmedia&parent=2039"}],"curies":[{"name":"wp","href":"https:\/\/api.w.org\/{rel}","templated":true}]}}