{"id":2765,"date":"2020-05-26T17:18:15","date_gmt":"2020-05-26T20:18:15","guid":{"rendered":"http:\/\/187.45.187.42\/~transreal\/?page_id=2765"},"modified":"2020-05-26T17:35:50","modified_gmt":"2020-05-26T20:35:50","slug":"agregar-veiculo","status":"publish","type":"page","link":"https:\/\/www.transreallogistica.com.br\/?page_id=2765","title":{"rendered":"Agregar Ve\u00edculo"},"content":{"rendered":"<p>[vc_row el_id=&#8221;form&#8221;][vc_column offset=&#8221;vc_col-lg-1\/5 vc_col-md-1\/5 vc_hidden-sm vc_hidden-xs&#8221;][\/vc_column][vc_column offset=&#8221;vc_col-lg-3\/5 vc_col-md-3\/5 vc_col-xs-12&#8243;]<div class=\"gt-page-heading gt-dark gt-center\"><div class=\"gt-line\"><\/div><span>Al\u00f4, amigo caminhoneiro!<\/span><h1>Venha agregar com a gente!<\/h1><\/div>[vc_empty_space height=&#8221;75px&#8221;][\/vc_column][vc_column offset=&#8221;vc_col-lg-1\/5 vc_col-md-1\/5 vc_hidden-sm vc_hidden-xs&#8221;][\/vc_column][\/vc_row][vc_row][vc_column offset=&#8221;vc_col-lg-2 vc_col-md-2 vc_hidden-sm vc_hidden-xs&#8221;][\/vc_column][vc_column offset=&#8221;vc_col-lg-8 vc_col-md-8 vc_col-xs-12&#8243;][vc_column_text]<\/p>\n<p style=\"text-align: center;\">Interessado em agregar seu ve\u00edculo \u00e0 nossa frota? Entre em contato conosco preenchendo o formul\u00e1rio, em breve retornaremos o seu contato.<\/p>\n<p>[\/vc_column_text][vc_empty_space height=&#8221;80px&#8221;][\/vc_column][vc_column offset=&#8221;vc_col-lg-2 vc_col-md-2 vc_hidden-sm vc_hidden-xs&#8221;][\/vc_column][\/vc_row][vc_row][vc_column offset=&#8221;vc_col-lg-1 vc_col-md-1 vc_hidden-sm vc_hidden-xs&#8221;][\/vc_column][vc_column offset=&#8221;vc_col-lg-10 vc_col-md-10 vc_col-xs-12&#8243;]\n<div class=\"wpcf7 no-js\" id=\"wpcf7-f2767-o1\" lang=\"en-US\" dir=\"ltr\" data-wpcf7-id=\"2767\">\n<div class=\"screen-reader-response\"><p role=\"status\" aria-live=\"polite\" aria-atomic=\"true\"><\/p> <ul><\/ul><\/div>\n<form action=\"\/index.php?rest_route=%2Fwp%2Fv2%2Fpages%2F2765#wpcf7-f2767-o1\" method=\"post\" class=\"wpcf7-form init\" aria-label=\"Contact form\" enctype=\"multipart\/form-data\" novalidate=\"novalidate\" data-status=\"init\">\n<fieldset class=\"hidden-fields-container\"><input type=\"hidden\" name=\"_wpcf7\" value=\"2767\" \/><input type=\"hidden\" name=\"_wpcf7_version\" value=\"6.1.5\" \/><input type=\"hidden\" name=\"_wpcf7_locale\" value=\"en_US\" \/><input type=\"hidden\" name=\"_wpcf7_unit_tag\" value=\"wpcf7-f2767-o1\" \/><input type=\"hidden\" name=\"_wpcf7_container_post\" value=\"0\" \/><input type=\"hidden\" name=\"_wpcf7_posted_data_hash\" value=\"\" \/>\n<\/fieldset>\n<div class=\"gt-columns gt-column-2\">\n\t<div class=\"gt-col\">\n\t\t<div class=\"gt-form-group\">\n\t\t\t<p><span class=\"wpcf7-form-control-wrap\" data-name=\"nome\"><input size=\"40\" maxlength=\"400\" class=\"wpcf7-form-control wpcf7-text wpcf7-validates-as-required\" aria-required=\"true\" aria-invalid=\"false\" placeholder=\"Nome\" value=\"\" type=\"text\" name=\"nome\" \/><\/span>\n\t\t\t<\/p>\n\t\t<\/div>\n\t\t<div class=\"gt-form-group\">\n\t\t\t<p><span class=\"wpcf7-form-control-wrap\" data-name=\"email\"><input size=\"40\" maxlength=\"400\" class=\"wpcf7-form-control wpcf7-email wpcf7-validates-as-required wpcf7-text wpcf7-validates-as-email\" aria-required=\"true\" aria-invalid=\"false\" placeholder=\"E-mail\" value=\"\" type=\"email\" name=\"email\" \/><\/span>\n\t\t\t<\/p>\n\t\t<\/div>\n\t\t<div class=\"gt-form-group\">\n\t\t\t<p><span class=\"wpcf7-form-control-wrap\" data-name=\"telefone\"><input size=\"40\" maxlength=\"400\" class=\"wpcf7-form-control wpcf7-tel wpcf7-validates-as-required wpcf7-text wpcf7-validates-as-tel\" aria-required=\"true\" aria-invalid=\"false\" placeholder=\"Telefone com DDD\" value=\"\" type=\"tel\" name=\"telefone\" \/><\/span>\n\t\t\t<\/p>\n\t\t<\/div>\n\t\t<div class=\"gt-form-group\">\n\t\t\t<p style=\"text-align: left;\">RG:\n\t\t\t<\/p>\n\t\t\t<p><span class=\"wpcf7-form-control-wrap\" data-name=\"rg\"><input size=\"40\" class=\"wpcf7-form-control wpcf7-file wpcf7-validates-as-required\" accept=\".jpg,.png,.pdf\" aria-required=\"true\" aria-invalid=\"false\" type=\"file\" name=\"rg\" \/><\/span>\n\t\t\t<\/p>\n\t\t<\/div>\n\t\t<div class=\"gt-form-group\">\n\t\t\t<p style=\"text-align: left;\">CPF:\n\t\t\t<\/p>\n\t\t\t<p><span class=\"wpcf7-form-control-wrap\" data-name=\"cpf\"><input size=\"40\" class=\"wpcf7-form-control wpcf7-file wpcf7-validates-as-required\" accept=\".jpg,.png,.pdf\" aria-required=\"true\" aria-invalid=\"false\" type=\"file\" name=\"cpf\" \/><\/span>\n\t\t\t<\/p>\n\t\t<\/div>\n\t<\/div>\n\t<div class=\"gt-col\">\n\t\t<div class=\"gt-form-group\">\n\t\t\t<p><span class=\"wpcf7-form-control-wrap\" data-name=\"marca\"><input size=\"40\" maxlength=\"400\" class=\"wpcf7-form-control wpcf7-text wpcf7-validates-as-required\" aria-required=\"true\" aria-invalid=\"false\" placeholder=\"Marca\" value=\"\" type=\"text\" name=\"marca\" \/><\/span>\n\t\t\t<\/p>\n\t\t<\/div>\n\t\t<div class=\"gt-form-group\">\n\t\t\t<p><span class=\"wpcf7-form-control-wrap\" data-name=\"modelo\"><input size=\"40\" maxlength=\"400\" class=\"wpcf7-form-control wpcf7-text wpcf7-validates-as-required\" aria-required=\"true\" aria-invalid=\"false\" placeholder=\"Modelo\" value=\"\" type=\"text\" name=\"modelo\" \/><\/span>\n\t\t\t<\/p>\n\t\t<\/div>\n\t\t<div class=\"gt-form-group\">\n\t\t\t<p><span class=\"wpcf7-form-control-wrap\" data-name=\"tipo\"><select class=\"wpcf7-form-control wpcf7-select\" aria-invalid=\"false\" name=\"tipo\"><option value=\"Tipo do ve\u00edculo?\">Tipo do ve\u00edculo?<\/option><option value=\"VUC\">VUC<\/option><option value=\"3\/4\">3\/4<\/option><option value=\"Toco\">Toco<\/option><option value=\"Truck\">Truck<\/option><option value=\"Cavalo\">Cavalo<\/option><option value=\"Carreta\">Carreta<\/option><\/select><\/span>\n\t\t\t<\/p>\n\t\t<\/div>\n\t\t<div class=\"gt-form-group\">\n\t\t\t<p><span class=\"wpcf7-form-control-wrap\" data-name=\"placa\"><input size=\"40\" maxlength=\"400\" class=\"wpcf7-form-control wpcf7-text wpcf7-validates-as-required\" aria-required=\"true\" aria-invalid=\"false\" placeholder=\"Placa\" value=\"\" type=\"text\" name=\"placa\" \/><\/span>\n\t\t\t<\/p>\n\t\t<\/div>\n\t\t<div class=\"gt-form-group\">\n\t\t\t<p>[select* opera\u00e7\u00e3o \"Escolha a Opera\u00e7\u00e3o onde deseja agregar:\" \"S\u00e3o Jos\u00e9 do Rio Preto \/ SP\" \"Ariquemes \/ RO\" \"Cubat\u00e3o \/ SP\" \"Cuiab\u00e1 \/ MT\" \"Guaraj\u00e1-Mirim \/ RO\" \"S\u00e3o Paulo \/ SP\" \"Rio Branco \/ AC\"]\n\t\t\t<\/p>\n\t\t<\/div>\n\t\t<div class=\"gt-form-group\">\n\t\t\t<p><span class=\"wpcf7-form-control-wrap\" data-name=\"observacoes\"><textarea cols=\"40\" rows=\"7\" maxlength=\"2000\" class=\"wpcf7-form-control wpcf7-textarea wpcf7-validates-as-required\" aria-required=\"true\" aria-invalid=\"false\" placeholder=\"Observa\u00e7\u00f5es\" name=\"observacoes\"><\/textarea><\/span>\n\t\t\t<\/p>\n\t\t<\/div>\n\t\t<div class=\"gt-form-group\">\n\t\t\t<p><input class=\"wpcf7-form-control wpcf7-submit has-spinner gt-full-width\" type=\"submit\" value=\"Enviar\" \/>\n\t\t\t<\/p>\n\t\t<\/div>\n\t<\/div>\n<\/div><p style=\"display: none !important;\" class=\"akismet-fields-container\" data-prefix=\"_wpcf7_ak_\"><label>&#916;<textarea name=\"_wpcf7_ak_hp_textarea\" cols=\"45\" rows=\"8\" maxlength=\"100\"><\/textarea><\/label><input type=\"hidden\" id=\"ak_js_1\" name=\"_wpcf7_ak_js\" value=\"77\"\/><script>document.getElementById( \"ak_js_1\" ).setAttribute( \"value\", ( new Date() ).getTime() );<\/script><\/p><div class=\"wpcf7-response-output\" aria-hidden=\"true\"><\/div>\n<\/form>\n<\/div>\n[\/vc_column][vc_column offset=&#8221;vc_col-lg-1 vc_col-md-1 vc_hidden-sm vc_hidden-xs&#8221;][\/vc_column][\/vc_row][vc_row full_width=&#8221;stretch_row&#8221;][vc_column][vc_empty_space height=&#8221;180px&#8221;][vc_row_inner][vc_column_inner width=&#8221;1\/3&#8243;][vc_column_text]<\/p>\n<h3>Outras formas<br \/>\nde contato<\/h3>\n<h1>_<\/h1>\n<p>[\/vc_column_text][vc_empty_space height=&#8221;60px&#8221;][\/vc_column_inner][vc_column_inner width=&#8221;1\/3&#8243;]<div class=\"gt-feature-box gt-align-center gt-style-2\"><div class=\"gt-icon\"><i class=\"far fa-map\"><\/i><\/div><div class=\"gt-content\"><div class=\"gt-excerpt\"><p><strong>Matriz<\/strong> \u2022 S\u00e3o Jos\u00e9 do Rio Preto<br \/>\nR. Ulisses Jamil Cury, 1250<br \/>\nDistrito Industrial \u2022 15092-601<\/p>\n<\/div><\/div><\/div>[vc_empty_space height=&#8221;60px&#8221;][\/vc_column_inner][vc_column_inner width=&#8221;1\/3&#8243;]<div class=\"gt-feature-box gt-align-center gt-style-2\"><div class=\"gt-icon\"><i class=\"far fa-comment-alt\"><\/i><\/div><div class=\"gt-content\"><div class=\"gt-excerpt\"><p>+ 55 17 2136 4747<\/p>\n<\/div><\/div><\/div>[vc_empty_space height=&#8221;60px&#8221;][\/vc_column_inner][\/vc_row_inner][vc_row_inner][vc_column_inner width=&#8221;1\/3&#8243;][\/vc_column_inner][vc_column_inner width=&#8221;1\/3&#8243;]<div class=\"gt-feature-box gt-align-center gt-style-2\"><div class=\"gt-icon\"><i class=\"far fa-paper-plane\"><\/i><\/div><div class=\"gt-content\"><div class=\"gt-excerpt\"><p>atendimento@transreal.com.br<\/p>\n<\/div><\/div><\/div>[vc_empty_space height=&#8221;60px&#8221;][\/vc_column_inner][vc_column_inner width=&#8221;1\/3&#8243;][\/vc_column_inner][\/vc_row_inner][vc_empty_space height=&#8221;180px&#8221;][\/vc_column][\/vc_row]<\/p>\n","protected":false},"excerpt":{"rendered":"<p>[vc_row el_id=&#8221;form&#8221;][vc_column offset=&#8221;vc_col-lg-1\/5 vc_col-md-1\/5 vc_hidden-sm vc_hidden-xs&#8221;][\/vc_column][vc_column offset=&#8221;vc_col-lg-3\/5 vc_col-md-3\/5 vc_col-xs-12&#8243;][vc_empty_space height=&#8221;75px&#8221;][\/vc_column][vc_column offset=&#8221;vc_col-lg-1\/5 vc_col-md-1\/5 vc_hidden-sm vc_hidden-xs&#8221;][\/vc_column][\/vc_row][vc_row][vc_column offset=&#8221;vc_col-lg-2 vc_col-md-2 vc_hidden-sm vc_hidden-xs&#8221;][\/vc_column][vc_column offset=&#8221;vc_col-lg-8 vc_col-md-8 vc_col-xs-12&#8243;][vc_column_text] Interessado em agregar seu ve\u00edculo \u00e0 nossa frota? Entre&#8230;<\/p>\n","protected":false},"author":1,"featured_media":0,"parent":0,"menu_order":0,"comment_status":"closed","ping_status":"closed","template":"","meta":{"footnotes":""},"class_list":["post-2765","page","type-page","status-publish","hentry"],"_links":{"self":[{"href":"https:\/\/www.transreallogistica.com.br\/index.php?rest_route=\/wp\/v2\/pages\/2765","targetHints":{"allow":["GET"]}}],"collection":[{"href":"https:\/\/www.transreallogistica.com.br\/index.php?rest_route=\/wp\/v2\/pages"}],"about":[{"href":"https:\/\/www.transreallogistica.com.br\/index.php?rest_route=\/wp\/v2\/types\/page"}],"author":[{"embeddable":true,"href":"https:\/\/www.transreallogistica.com.br\/index.php?rest_route=\/wp\/v2\/users\/1"}],"replies":[{"embeddable":true,"href":"https:\/\/www.transreallogistica.com.br\/index.php?rest_route=%2Fwp%2Fv2%2Fcomments&post=2765"}],"version-history":[{"count":2,"href":"https:\/\/www.transreallogistica.com.br\/index.php?rest_route=\/wp\/v2\/pages\/2765\/revisions"}],"predecessor-version":[{"id":2768,"href":"https:\/\/www.transreallogistica.com.br\/index.php?rest_route=\/wp\/v2\/pages\/2765\/revisions\/2768"}],"wp:attachment":[{"href":"https:\/\/www.transreallogistica.com.br\/index.php?rest_route=%2Fwp%2Fv2%2Fmedia&parent=2765"}],"curies":[{"name":"wp","href":"https:\/\/api.w.org\/{rel}","templated":true}]}}