{"id":291,"date":"2018-09-03T12:54:48","date_gmt":"2018-09-03T12:54:48","guid":{"rendered":"https:\/\/demo.gloriathemes.com\/luxe\/demo\/?page_id=291"},"modified":"2023-06-21T15:50:05","modified_gmt":"2023-06-21T18:50:05","slug":"fale-conosco","status":"publish","type":"page","link":"https:\/\/www.transreallogistica.com.br\/?page_id=291","title":{"rendered":"Fale Conosco"},"content":{"rendered":"<p>[vc_row][vc_column offset=&#8221;vc_col-lg-1\/5 vc_col-md-1\/5 vc_hidden-sm vc_hidden-xs&#8221;][\/vc_column][vc_column offset=&#8221;vc_col-lg-3\/5 vc_col-md-3\/5 vc_col-xs-12&#8243;]<div class=\"gt-page-heading gt-dark gt-center\"><div class=\"gt-line\"><\/div><span>Fale com a gente<\/span><h1>Bom atendimento: na sua dire\u00e7\u00e3o<\/h1><\/div>[vc_empty_space height=&#8221;75px&#8221;][\/vc_column][vc_column offset=&#8221;vc_col-lg-1\/5 vc_col-md-1\/5 vc_hidden-sm vc_hidden-xs&#8221;][\/vc_column][\/vc_row][vc_row][vc_column offset=&#8221;vc_col-lg-2 vc_col-md-2 vc_hidden-sm vc_hidden-xs&#8221;][\/vc_column][vc_column offset=&#8221;vc_col-lg-8 vc_col-md-8 vc_col-xs-12&#8243;][vc_column_text]<\/p>\n<p style=\"text-align: center;\">N\u00f3s estamos muito interessados no que voc\u00ea tem a dizer.<\/p>\n<p style=\"text-align: center;\">Por isso, criamos este espa\u00e7o especialmente para voc\u00ea fazer seus coment\u00e1rios, dar sugest\u00f5es e esclarecer<br \/>\nd\u00favidas. Escreva-nos! \u00c9 f\u00e1cil, r\u00e1pido e teremos o maior prazer em responder.<\/p>\n<p>[\/vc_column_text][vc_empty_space height=&#8221;80px&#8221;][\/vc_column][vc_column offset=&#8221;vc_col-lg-2 vc_col-md-2 vc_hidden-sm vc_hidden-xs&#8221;][\/vc_column][\/vc_row][vc_row][vc_column offset=&#8221;vc_col-lg-1 vc_col-md-1 vc_hidden-sm vc_hidden-xs&#8221;][\/vc_column][vc_column offset=&#8221;vc_col-lg-10 vc_col-md-10 vc_col-xs-12&#8243;]\n<div class=\"wpcf7 no-js\" id=\"wpcf7-f2381-o1\" lang=\"en-US\" dir=\"ltr\" data-wpcf7-id=\"2381\">\n<div class=\"screen-reader-response\"><p role=\"status\" aria-live=\"polite\" aria-atomic=\"true\"><\/p> <ul><\/ul><\/div>\n<form action=\"\/index.php?rest_route=%2Fwp%2Fv2%2Fpages%2F291#wpcf7-f2381-o1\" method=\"post\" class=\"wpcf7-form init\" aria-label=\"Contact form\" novalidate=\"novalidate\" data-status=\"init\">\n<fieldset class=\"hidden-fields-container\"><input type=\"hidden\" name=\"_wpcf7\" value=\"2381\" \/><input type=\"hidden\" name=\"_wpcf7_version\" value=\"6.1.5\" \/><input type=\"hidden\" name=\"_wpcf7_locale\" value=\"en_US\" \/><input type=\"hidden\" name=\"_wpcf7_unit_tag\" value=\"wpcf7-f2381-o1\" \/><input type=\"hidden\" name=\"_wpcf7_container_post\" value=\"0\" \/><input type=\"hidden\" name=\"_wpcf7_posted_data_hash\" value=\"\" \/>\n<\/fieldset>\n<div class=\"gt-columns gt-column-2\">\n\t<div class=\"gt-col\">\n\t\t<div class=\"gt-form-group\">\n\t\t\t<p><span class=\"wpcf7-form-control-wrap\" data-name=\"nome\"><input size=\"40\" maxlength=\"400\" class=\"wpcf7-form-control wpcf7-text wpcf7-validates-as-required\" aria-required=\"true\" aria-invalid=\"false\" placeholder=\"Nome\" value=\"\" type=\"text\" name=\"nome\" \/><\/span>\n\t\t\t<\/p>\n\t\t<\/div>\n\t\t<div class=\"gt-form-group\">\n\t\t\t<p><span class=\"wpcf7-form-control-wrap\" data-name=\"email\"><input size=\"40\" maxlength=\"400\" class=\"wpcf7-form-control wpcf7-email wpcf7-validates-as-required wpcf7-text wpcf7-validates-as-email\" aria-required=\"true\" aria-invalid=\"false\" placeholder=\"E-mail\" value=\"\" type=\"email\" name=\"email\" \/><\/span>\n\t\t\t<\/p>\n\t\t<\/div>\n\t\t<div class=\"gt-form-group\">\n\t\t\t<p><span class=\"wpcf7-form-control-wrap\" data-name=\"telefone\"><input size=\"40\" maxlength=\"400\" class=\"wpcf7-form-control wpcf7-tel wpcf7-validates-as-required wpcf7-text wpcf7-validates-as-tel\" aria-required=\"true\" aria-invalid=\"false\" placeholder=\"DDD\/Telefone\" value=\"\" type=\"tel\" name=\"telefone\" \/><\/span>\n\t\t\t<\/p>\n\t\t<\/div>\n\t\t<div class=\"gt-form-group\">\n\t\t\t<p><span class=\"wpcf7-form-control-wrap\" data-name=\"cidade\"><input size=\"40\" maxlength=\"400\" class=\"wpcf7-form-control wpcf7-text wpcf7-validates-as-required\" aria-required=\"true\" aria-invalid=\"false\" placeholder=\"Cidade\/Estado\" value=\"\" type=\"text\" name=\"cidade\" \/><\/span>\n\t\t\t<\/p>\n\t\t<\/div>\n\t<\/div>\n\t<div class=\"gt-col\">\n\t\t<div class=\"gt-form-group\">\n\t\t\t<p><span class=\"wpcf7-form-control-wrap\" data-name=\"assunto\"><select class=\"wpcf7-form-control wpcf7-select wpcf7-validates-as-required\" aria-required=\"true\" aria-invalid=\"false\" name=\"assunto\"><option value=\"Assunto\">Assunto<\/option><option value=\"Solicita\u00e7\u00e3o\">Solicita\u00e7\u00e3o<\/option><option value=\"D\u00favida\">D\u00favida<\/option><option value=\"Reclama\u00e7\u00e3o\">Reclama\u00e7\u00e3o<\/option><option value=\"Sugest\u00e3o\">Sugest\u00e3o<\/option><option value=\"Elogio\">Elogio<\/option><\/select><\/span>\n\t\t\t<\/p>\n\t\t<\/div>\n\t\t<div class=\"gt-form-group\">\n\t\t\t<p><span class=\"wpcf7-form-control-wrap\" data-name=\"mensagem\"><textarea cols=\"40\" rows=\"7\" maxlength=\"2000\" class=\"wpcf7-form-control wpcf7-textarea wpcf7-validates-as-required\" aria-required=\"true\" aria-invalid=\"false\" placeholder=\"Mensagem\" name=\"mensagem\"><\/textarea><\/span>\n\t\t\t<\/p>\n\t\t<\/div>\n\t\t<div class=\"gt-form-group\">\n\t\t\t<p><input class=\"wpcf7-form-control wpcf7-submit has-spinner gt-full-width\" type=\"submit\" value=\"Enviar\" \/>\n\t\t\t<\/p>\n\t\t<\/div>\n\t<\/div>\n<\/div><p style=\"display: none !important;\" class=\"akismet-fields-container\" data-prefix=\"_wpcf7_ak_\"><label>&#916;<textarea name=\"_wpcf7_ak_hp_textarea\" cols=\"45\" rows=\"8\" maxlength=\"100\"><\/textarea><\/label><input type=\"hidden\" id=\"ak_js_1\" name=\"_wpcf7_ak_js\" value=\"147\"\/><script>document.getElementById( \"ak_js_1\" ).setAttribute( \"value\", ( new Date() ).getTime() );<\/script><\/p><div class=\"wpcf7-response-output\" aria-hidden=\"true\"><\/div>\n<\/form>\n<\/div>\n[\/vc_column][vc_column offset=&#8221;vc_col-lg-1 vc_col-md-1 vc_hidden-sm vc_hidden-xs&#8221;][\/vc_column][\/vc_row][vc_row full_width=&#8221;stretch_row&#8221;][vc_column][vc_empty_space height=&#8221;180px&#8221;][vc_row_inner][vc_column_inner width=&#8221;1\/3&#8243;][vc_column_text]<\/p>\n<h3>Outras formas<br \/>\nde contato<\/h3>\n<h1>_<\/h1>\n<p>[\/vc_column_text][vc_empty_space height=&#8221;60px&#8221;][\/vc_column_inner][vc_column_inner width=&#8221;1\/3&#8243;]<div class=\"gt-feature-box gt-align-center gt-style-2\"><div class=\"gt-icon\"><i class=\"far fa-map\"><\/i><\/div><div class=\"gt-content\"><div class=\"gt-excerpt\"><p><strong>Matriz<\/strong> \u2022 S\u00e3o Jos\u00e9 do Rio Preto<br \/>\nR. Ulisses Jamil Cury, 1250<br \/>\nDistrito Industrial \u2022 15092-601<\/p>\n<\/div><\/div><\/div>[vc_empty_space height=&#8221;60px&#8221;][\/vc_column_inner][vc_column_inner width=&#8221;1\/3&#8243;]<div class=\"gt-feature-box gt-align-center gt-style-2\"><div class=\"gt-icon\"><i class=\"far fa-comment-alt\"><\/i><\/div><div class=\"gt-content\"><div class=\"gt-excerpt\"><p>+ 55 17 2136 4747<\/p>\n<\/div><\/div><\/div>[vc_empty_space height=&#8221;60px&#8221;][\/vc_column_inner][\/vc_row_inner][vc_row_inner][vc_column_inner width=&#8221;1\/3&#8243;][\/vc_column_inner][vc_column_inner width=&#8221;1\/3&#8243;]<div class=\"gt-feature-box gt-align-center gt-style-2\"><div class=\"gt-icon\"><i class=\"far fa-paper-plane\"><\/i><\/div><div class=\"gt-content\"><div class=\"gt-excerpt\"><p>atendimento@transreal.com.br<\/p>\n<\/div><\/div><\/div>[vc_empty_space height=&#8221;60px&#8221;][\/vc_column_inner][vc_column_inner width=&#8221;1\/3&#8243;][\/vc_column_inner][\/vc_row_inner][\/vc_column][\/vc_row][vc_row full_width=&#8221;stretch_row_content_no_spaces&#8221;][vc_column][vc_empty_space height=&#8221;180px&#8221;]<div class=\"gt-fullscreen-section\"><div class=\"gt-section gt-center\"><div class=\"gt-img parallax-slider\" data-parallax=\"scroll\" data-speed=\"0.2\" data-z-index=\"2\" data-image-src=\"https:\/\/www.transreallogistica.com.br\/wp-content\/uploads\/2020\/05\/img-map-localizacao-1.jpg\"><div class=\"gt-opacity-effect-false\"><\/div><\/div><div class=\"gt-container\"><div class=\"gt-page-heading gt-center\"><a href=\"https:\/\/goo.gl\/maps\/3UeDrUPxuGHgcmDy6\" target=\" _blank\" class=\"gt-btn gt-btn-slider\">Ver Mapa<\/a><\/div><\/div><\/div><\/div>[\/vc_column][\/vc_row][vc_row][vc_column][vc_column_text]<\/p>\n<p>[\/vc_column_text][\/vc_column][\/vc_row]<\/p>\n","protected":false},"excerpt":{"rendered":"<p>[vc_row][vc_column offset=&#8221;vc_col-lg-1\/5 vc_col-md-1\/5 vc_hidden-sm vc_hidden-xs&#8221;][\/vc_column][vc_column offset=&#8221;vc_col-lg-3\/5 vc_col-md-3\/5 vc_col-xs-12&#8243;][vc_empty_space height=&#8221;75px&#8221;][\/vc_column][vc_column offset=&#8221;vc_col-lg-1\/5 vc_col-md-1\/5 vc_hidden-sm vc_hidden-xs&#8221;][\/vc_column][\/vc_row][vc_row][vc_column offset=&#8221;vc_col-lg-2 vc_col-md-2 vc_hidden-sm vc_hidden-xs&#8221;][\/vc_column][vc_column offset=&#8221;vc_col-lg-8 vc_col-md-8 vc_col-xs-12&#8243;][vc_column_text] N\u00f3s estamos muito interessados no que voc\u00ea tem a dizer&#8230;.<\/p>\n","protected":false},"author":1,"featured_media":0,"parent":0,"menu_order":0,"comment_status":"closed","ping_status":"closed","template":"","meta":{"footnotes":""},"class_list":["post-291","page","type-page","status-publish","hentry"],"_links":{"self":[{"href":"https:\/\/www.transreallogistica.com.br\/index.php?rest_route=\/wp\/v2\/pages\/291","targetHints":{"allow":["GET"]}}],"collection":[{"href":"https:\/\/www.transreallogistica.com.br\/index.php?rest_route=\/wp\/v2\/pages"}],"about":[{"href":"https:\/\/www.transreallogistica.com.br\/index.php?rest_route=\/wp\/v2\/types\/page"}],"author":[{"embeddable":true,"href":"https:\/\/www.transreallogistica.com.br\/index.php?rest_route=\/wp\/v2\/users\/1"}],"replies":[{"embeddable":true,"href":"https:\/\/www.transreallogistica.com.br\/index.php?rest_route=%2Fwp%2Fv2%2Fcomments&post=291"}],"version-history":[{"count":27,"href":"https:\/\/www.transreallogistica.com.br\/index.php?rest_route=\/wp\/v2\/pages\/291\/revisions"}],"predecessor-version":[{"id":2764,"href":"https:\/\/www.transreallogistica.com.br\/index.php?rest_route=\/wp\/v2\/pages\/291\/revisions\/2764"}],"wp:attachment":[{"href":"https:\/\/www.transreallogistica.com.br\/index.php?rest_route=%2Fwp%2Fv2%2Fmedia&parent=291"}],"curies":[{"name":"wp","href":"https:\/\/api.w.org\/{rel}","templated":true}]}}