{"id":3514,"date":"2026-04-28T16:18:40","date_gmt":"2026-04-28T19:18:40","guid":{"rendered":"https:\/\/www.transreallogistica.com.br\/?page_id=3514"},"modified":"2026-04-29T11:15:19","modified_gmt":"2026-04-29T14:15:19","slug":"real-terminais","status":"publish","type":"page","link":"https:\/\/www.transreallogistica.com.br\/?page_id=3514","title":{"rendered":"Real Terminais"},"content":{"rendered":"<p>[vc_row full_width=&#8221;stretch_row_content_no_spaces&#8221;][vc_column]<div class=\"gt-info-box gt-style-1 gt-align-right\"><div class=\"gt-img gt-lazy-load\" data-bg=\"https:\/\/www.transreallogistica.com.br\/wp-content\/uploads\/2026\/04\/img-real-terminais-2-765x825.jpg\"><div class=\"gt-overlay gt-opacity-effect-true\"><\/div><\/div><div class=\"gt-container\"><div class=\"gt-content\"><div class=\"gt-line\"><\/div><span class=\"gt-subtitle\">A Real Terminais<\/span><h3 class=\"gt-title\">Estrutura preparada para operar containers com efici\u00eancia<\/h3><div class=\"gt-excerpt\"><\/p>\n<p data-start=\"239\" data-end=\"412\">Localizada em um ponto estrat\u00e9gico em Cubat\u00e3o\/SP, a Real Terminais opera com uma estrutura pensada para garantir <strong>fluidez, controle e seguran\u00e7a em toda a cadeira log\u00edstica de containers.<\/strong><\/p>\n<p>Com \u00e1rea de aproximadamente 34.000 m\u00b2 na cidade de Cubat\u00e3o-SP, o terminal atende opera\u00e7\u00f5es de diferentes perfis, integrando armazenagem, movimenta\u00e7\u00e3o e apoio ao transporte com organiza\u00e7\u00e3o e rastreabilidade.<\/p>\n<p>A opera\u00e7\u00e3o conta com monitoramento 24 horas, controle de acesso e gest\u00e3o cont\u00ednua, assegurando estabilidade e confiabilidade no fluxo de cargas.<\/p>\n<\/div><\/div><\/div><\/div><div class=\"gt-info-box gt-style-1 gt-align-left\"><div class=\"gt-img gt-lazy-load\" data-bg=\"https:\/\/www.transreallogistica.com.br\/wp-content\/uploads\/2026\/04\/img-real-terminais-5-765x825.jpg\"><div class=\"gt-overlay gt-opacity-effect-true\"><\/div><\/div><div class=\"gt-container\"><div class=\"gt-content\"><div class=\"gt-line\"><\/div><span class=\"gt-subtitle\">Localiza\u00e7\u00e3o Estrat\u00e9gica<\/span><div class=\"gt-excerpt\"><\/p>\n<p data-start=\"789\" data-end=\"923\">Inserida em uma das principais regi\u00f5es log\u00edsticas do pa\u00eds na cidade de <strong>Cubat\u00e3o -SP<\/strong>, a Real Terminais possui <strong>acesso facilitado \u00e0s rodovias e ao Porto de Santos.<\/strong><\/p>\n<p>Essa proximidade reduz tempo de deslocamento, otimiza opera\u00e7\u00f5es de embarque e desembarque e contribui diretamente para a previsibilidade das entregas.<\/p>\n<p>\n<\/div><\/div><\/div><\/div><div class=\"gt-info-box gt-style-1 gt-align-right\"><div class=\"gt-img gt-lazy-load\" data-bg=\"https:\/\/www.transreallogistica.com.br\/wp-content\/uploads\/2026\/04\/img-real-terminais-1-765x825.jpg\"><div class=\"gt-overlay gt-opacity-effect-true\"><\/div><\/div><div class=\"gt-container\"><div class=\"gt-content\"><div class=\"gt-line\"><\/div><span class=\"gt-subtitle\">Servi\u00e7os log\u00edsticos<\/span><h3 class=\"gt-title\">A Real Terminais atua de forma integrada, oferecendo solu\u00e7\u00f5es que acompanham toda a jornada da carga:<\/h3><div class=\"gt-excerpt\"><\/p>\n<ul>\n<li>Armazenagem de containers (pr\u00e9-stacking)<\/li>\n<li data-section-id=\"169cjnx\" data-start=\"1642\" data-end=\"1678\">Estufagem e desova de containers<\/li>\n<li data-section-id=\"xif8oc\" data-start=\"1679\" data-end=\"1739\">Transbordo com carregamento e descarregamento simult\u00e2neo<\/li>\n<li data-section-id=\"vr5goz\" data-start=\"1740\" data-end=\"1790\">Armaz\u00e9ns gerais para diferentes tipos de carga<\/li>\n<li data-section-id=\"zmzzjq\" data-start=\"1791\" data-end=\"1853\">Transporte multiponto em zonas portu\u00e1rias com rastreamento<\/li>\n<li data-section-id=\"da8l2x\" data-start=\"1854\" data-end=\"1908\">Monitoramento de temperatura para cargas sens\u00edveis<\/li>\n<li data-section-id=\"10qgjlc\" data-start=\"1909\" data-end=\"1967\">Servi\u00e7os log\u00edsticos personalizados conforme a opera\u00e7\u00e3o<\/li>\n<\/ul>\n<p>\n<\/div><\/div><\/div><\/div>[\/vc_column][\/vc_row][vc_row full_width=&#8221;stretch_row_content_no_spaces&#8221;][vc_column][vc_empty_space height=&#8221;80px&#8221;]<div class=\"gt-fullscreen-section\"><div class=\"gt-section gt-center\"><div class=\"gt-img parallax-slider\" data-parallax=\"scroll\" data-speed=\"0.2\" data-z-index=\"2\" data-image-src=\"https:\/\/www.transreallogistica.com.br\/wp-content\/uploads\/2020\/05\/img_home_02.jpg\"><div class=\"gt-opacity-effect-true\"><\/div><\/div><div class=\"gt-container\"><div class=\"gt-page-heading gt-center\"><div class=\"gt-line\"><\/div><span>Infraestrutura operacional<\/span><h1>A opera\u00e7\u00e3o \u00e9 sustentada por equipamentos e tecnologia que garantem produtividade e precis\u00e3o nas movimenta\u00e7\u00f5es:<\/h1><p>\u2022 Reach stackers para movimenta\u00e7\u00e3o de containers de grande porte \u2022 Empilhadeiras de m\u00e9dio porte \u2022 Balan\u00e7as eletr\u00f4nicas com sistema de pesagem integrado \u2022 Equipamentos preparados para opera\u00e7\u00e3o cont\u00ednua em ambiente portu\u00e1rio<\/p><\/div><\/div><\/div><\/div>[\/vc_column][\/vc_row][vc_row full_width=&#8221;stretch_row_content&#8221; css=&#8221;.vc_custom_1777468574815{padding-right: 35px !important;padding-left: 35px !important;}&#8221;][vc_column][vc_empty_space height=&#8221;80px&#8221;][vc_row_inner][vc_column_inner width=&#8221;1\/4&#8243;]<div class=\"gt-feature-box gt-align-center gt-style-1 gt-opacity-effect-true\"><div class=\"gt-img\"><img width=\"540\" height=\"540\" class=\"attachment-luxe-feature-box-1 size-luxe-feature-box-1 gt-lazy-load\" alt=\"\" data-src=\"https:\/\/www.transreallogistica.com.br\/wp-content\/uploads\/2026\/04\/img-real-terminais-7-540x540.jpg\" data-srcset=\"https:\/\/www.transreallogistica.com.br\/wp-content\/uploads\/2026\/04\/img-real-terminais-7-540x540.jpg 540w, https:\/\/www.transreallogistica.com.br\/wp-content\/uploads\/2026\/04\/img-real-terminais-7-300x300.jpg 300w, https:\/\/www.transreallogistica.com.br\/wp-content\/uploads\/2026\/04\/img-real-terminais-7-1024x1024.jpg 1024w, https:\/\/www.transreallogistica.com.br\/wp-content\/uploads\/2026\/04\/img-real-terminais-7-150x150.jpg 150w, https:\/\/www.transreallogistica.com.br\/wp-content\/uploads\/2026\/04\/img-real-terminais-7-768x768.jpg 768w, https:\/\/www.transreallogistica.com.br\/wp-content\/uploads\/2026\/04\/img-real-terminais-7-555x555.jpg 555w, https:\/\/www.transreallogistica.com.br\/wp-content\/uploads\/2026\/04\/img-real-terminais-7-800x800.jpg 800w, https:\/\/www.transreallogistica.com.br\/wp-content\/uploads\/2026\/04\/img-real-terminais-7-750x750.jpg 750w, https:\/\/www.transreallogistica.com.br\/wp-content\/uploads\/2026\/04\/img-real-terminais-7-65x65.jpg 65w, https:\/\/www.transreallogistica.com.br\/wp-content\/uploads\/2026\/04\/img-real-terminais-7-350x350.jpg 350w, https:\/\/www.transreallogistica.com.br\/wp-content\/uploads\/2026\/04\/img-real-terminais-7-650x650.jpg 650w, https:\/\/www.transreallogistica.com.br\/wp-content\/uploads\/2026\/04\/img-real-terminais-7-1200x1200.jpg 1200w, https:\/\/www.transreallogistica.com.br\/wp-content\/uploads\/2026\/04\/img-real-terminais-7.jpg 1254w\" data-sizes=\"(max-width: 540px) 100vw, 540px\" \/><\/div><div class=\"gt-content\"><h3 class=\"gt-title\">Pr\u00e9-stacking<\/h3><div class=\"gt-excerpt\"><\/p>\n<p class=\"p1\">O servi\u00e7o de pr\u00e9-stacking permite o <strong>armazenamento organizado dos containers<\/strong> antes do embarque.<\/p>\n<p class=\"p1\">A carga permanece no terminal at\u00e9 o momento ideal de envio ao porto, reduzindo riscos operacionais e evitando atrasos.<br \/>\nAl\u00e9m da armazenagem, a Real Terminais tamb\u00e9m realiza o transporte at\u00e9 o terminal de embarque.<\/p>\n<\/div><\/div><\/div>[vc_empty_space height=&#8221;60px&#8221;][\/vc_column_inner][vc_column_inner width=&#8221;1\/4&#8243;]<div class=\"gt-feature-box gt-align-center gt-style-1 gt-opacity-effect-true\"><div class=\"gt-img\"><img width=\"540\" height=\"540\" class=\"attachment-luxe-feature-box-1 size-luxe-feature-box-1 gt-lazy-load\" alt=\"\" data-src=\"https:\/\/www.transreallogistica.com.br\/wp-content\/uploads\/2026\/04\/img-real-terminais-8-540x540.jpg\" data-srcset=\"https:\/\/www.transreallogistica.com.br\/wp-content\/uploads\/2026\/04\/img-real-terminais-8-540x540.jpg 540w, https:\/\/www.transreallogistica.com.br\/wp-content\/uploads\/2026\/04\/img-real-terminais-8-300x300.jpg 300w, https:\/\/www.transreallogistica.com.br\/wp-content\/uploads\/2026\/04\/img-real-terminais-8-1024x1024.jpg 1024w, https:\/\/www.transreallogistica.com.br\/wp-content\/uploads\/2026\/04\/img-real-terminais-8-150x150.jpg 150w, https:\/\/www.transreallogistica.com.br\/wp-content\/uploads\/2026\/04\/img-real-terminais-8-768x768.jpg 768w, https:\/\/www.transreallogistica.com.br\/wp-content\/uploads\/2026\/04\/img-real-terminais-8-555x555.jpg 555w, https:\/\/www.transreallogistica.com.br\/wp-content\/uploads\/2026\/04\/img-real-terminais-8-800x800.jpg 800w, https:\/\/www.transreallogistica.com.br\/wp-content\/uploads\/2026\/04\/img-real-terminais-8-750x750.jpg 750w, https:\/\/www.transreallogistica.com.br\/wp-content\/uploads\/2026\/04\/img-real-terminais-8-65x65.jpg 65w, https:\/\/www.transreallogistica.com.br\/wp-content\/uploads\/2026\/04\/img-real-terminais-8-350x350.jpg 350w, https:\/\/www.transreallogistica.com.br\/wp-content\/uploads\/2026\/04\/img-real-terminais-8-650x650.jpg 650w, https:\/\/www.transreallogistica.com.br\/wp-content\/uploads\/2026\/04\/img-real-terminais-8-1200x1200.jpg 1200w, https:\/\/www.transreallogistica.com.br\/wp-content\/uploads\/2026\/04\/img-real-terminais-8.jpg 1254w\" data-sizes=\"(max-width: 540px) 100vw, 540px\" \/><\/div><div class=\"gt-content\"><h3 class=\"gt-title\">Carga Reefer<\/h3><div class=\"gt-excerpt\"><\/p>\n<p class=\"p1\">A estrutura inclui suporte completo para cargas refrigeradas.<\/p>\n<p class=\"p1\">S\u00e3o <b>120 tomadas para containers reefer<\/b>, com expans\u00e3o planejada para maior capacidade operacional.<br \/>\nO sistema \u00e9 acompanhado por <b>monitoramento cont\u00ednuo de temperatura<\/b>, garantindo estabilidade durante toda a perman\u00eancia no terminal.<\/p>\n<p class=\"p1\">H\u00e1 tamb\u00e9m suporte para inspe\u00e7\u00e3o e acompanhamento t\u00e9cnico das cargas refrigeradas.<\/p>\n<p>\n<\/div><\/div><\/div>[vc_empty_space height=&#8221;60px&#8221;][\/vc_column_inner][vc_column_inner width=&#8221;1\/4&#8243;]<div class=\"gt-feature-box gt-align-center gt-style-1 gt-opacity-effect-true\"><div class=\"gt-img\"><img width=\"540\" height=\"540\" class=\"attachment-luxe-feature-box-1 size-luxe-feature-box-1 gt-lazy-load\" alt=\"\" data-src=\"https:\/\/www.transreallogistica.com.br\/wp-content\/uploads\/2026\/04\/img-real-terminais-9-540x540.jpg\" data-srcset=\"https:\/\/www.transreallogistica.com.br\/wp-content\/uploads\/2026\/04\/img-real-terminais-9-540x540.jpg 540w, https:\/\/www.transreallogistica.com.br\/wp-content\/uploads\/2026\/04\/img-real-terminais-9-300x300.jpg 300w, https:\/\/www.transreallogistica.com.br\/wp-content\/uploads\/2026\/04\/img-real-terminais-9-1024x1024.jpg 1024w, https:\/\/www.transreallogistica.com.br\/wp-content\/uploads\/2026\/04\/img-real-terminais-9-150x150.jpg 150w, https:\/\/www.transreallogistica.com.br\/wp-content\/uploads\/2026\/04\/img-real-terminais-9-768x768.jpg 768w, https:\/\/www.transreallogistica.com.br\/wp-content\/uploads\/2026\/04\/img-real-terminais-9-555x555.jpg 555w, https:\/\/www.transreallogistica.com.br\/wp-content\/uploads\/2026\/04\/img-real-terminais-9-800x800.jpg 800w, https:\/\/www.transreallogistica.com.br\/wp-content\/uploads\/2026\/04\/img-real-terminais-9-750x750.jpg 750w, https:\/\/www.transreallogistica.com.br\/wp-content\/uploads\/2026\/04\/img-real-terminais-9-65x65.jpg 65w, https:\/\/www.transreallogistica.com.br\/wp-content\/uploads\/2026\/04\/img-real-terminais-9-350x350.jpg 350w, https:\/\/www.transreallogistica.com.br\/wp-content\/uploads\/2026\/04\/img-real-terminais-9-650x650.jpg 650w, https:\/\/www.transreallogistica.com.br\/wp-content\/uploads\/2026\/04\/img-real-terminais-9-1200x1200.jpg 1200w, https:\/\/www.transreallogistica.com.br\/wp-content\/uploads\/2026\/04\/img-real-terminais-9.jpg 1254w\" data-sizes=\"(max-width: 540px) 100vw, 540px\" \/><\/div><div class=\"gt-content\"><h3 class=\"gt-title\">Controle e seguran\u00e7a operacional<\/h3><div class=\"gt-excerpt\"><\/p>\n<p class=\"p1\">A opera\u00e7\u00e3o \u00e9 conduzida com foco em previsibilidade e seguran\u00e7a:<\/p>\n<p><strong>Monitoramento 24h<\/strong><br \/>\n<strong>Controle de acesso<\/strong><br \/>\n<strong>Processos padronizados<\/strong><br \/>\n<strong>Rastreabilidade das opera\u00e7\u00f5es<\/strong><\/p>\n<p class=\"p1\">Cada etapa \u00e9 estruturada para manter a integridade da carga e a efici\u00eancia do fluxo log\u00edstico.<\/p>\n<p>\n<\/div><\/div><\/div>[vc_empty_space height=&#8221;60px&#8221;][\/vc_column_inner][vc_column_inner width=&#8221;1\/4&#8243;]<div class=\"gt-feature-box gt-align-center gt-style-1 gt-opacity-effect-true\"><div class=\"gt-img\"><img width=\"540\" height=\"540\" class=\"attachment-luxe-feature-box-1 size-luxe-feature-box-1 gt-lazy-load\" alt=\"\" data-src=\"https:\/\/www.transreallogistica.com.br\/wp-content\/uploads\/2026\/04\/img-real-terminais-10-540x540.jpg\" data-srcset=\"https:\/\/www.transreallogistica.com.br\/wp-content\/uploads\/2026\/04\/img-real-terminais-10-540x540.jpg 540w, https:\/\/www.transreallogistica.com.br\/wp-content\/uploads\/2026\/04\/img-real-terminais-10-300x300.jpg 300w, https:\/\/www.transreallogistica.com.br\/wp-content\/uploads\/2026\/04\/img-real-terminais-10-1024x1024.jpg 1024w, https:\/\/www.transreallogistica.com.br\/wp-content\/uploads\/2026\/04\/img-real-terminais-10-150x150.jpg 150w, https:\/\/www.transreallogistica.com.br\/wp-content\/uploads\/2026\/04\/img-real-terminais-10-768x768.jpg 768w, https:\/\/www.transreallogistica.com.br\/wp-content\/uploads\/2026\/04\/img-real-terminais-10-555x555.jpg 555w, https:\/\/www.transreallogistica.com.br\/wp-content\/uploads\/2026\/04\/img-real-terminais-10-800x800.jpg 800w, https:\/\/www.transreallogistica.com.br\/wp-content\/uploads\/2026\/04\/img-real-terminais-10-750x750.jpg 750w, https:\/\/www.transreallogistica.com.br\/wp-content\/uploads\/2026\/04\/img-real-terminais-10-65x65.jpg 65w, https:\/\/www.transreallogistica.com.br\/wp-content\/uploads\/2026\/04\/img-real-terminais-10-350x350.jpg 350w, https:\/\/www.transreallogistica.com.br\/wp-content\/uploads\/2026\/04\/img-real-terminais-10-650x650.jpg 650w, https:\/\/www.transreallogistica.com.br\/wp-content\/uploads\/2026\/04\/img-real-terminais-10-1200x1200.jpg 1200w, https:\/\/www.transreallogistica.com.br\/wp-content\/uploads\/2026\/04\/img-real-terminais-10.jpg 1254w\" data-sizes=\"(max-width: 540px) 100vw, 540px\" \/><\/div><div class=\"gt-content\"><h3 class=\"gt-title\">Integra\u00e7\u00e3o com a Transreal Log\u00edstica<\/h3><div class=\"gt-excerpt\"><\/p>\n<p class=\"p1\">A Real Terminais atua <strong>de forma integrada com a Transreal<\/strong>, ampliando a capacidade de atendimento com solu\u00e7\u00f5es que conectam terminal, transporte e distribui\u00e7\u00e3o.<\/p>\n<p class=\"p1\">Essa integra\u00e7\u00e3o permite maior controle da opera\u00e7\u00e3o e otimiza\u00e7\u00e3o dos prazos em toda a cadeia log\u00edstica.<\/p>\n<p>\n<\/div><\/div><\/div>[vc_empty_space height=&#8221;60px&#8221;][\/vc_column_inner][\/vc_row_inner][\/vc_column][\/vc_row]<\/p>\n","protected":false},"excerpt":{"rendered":"<p>[vc_row full_width=&#8221;stretch_row_content_no_spaces&#8221;][vc_column][\/vc_column][\/vc_row][vc_row full_width=&#8221;stretch_row_content_no_spaces&#8221;][vc_column][vc_empty_space height=&#8221;80px&#8221;][\/vc_column][\/vc_row][vc_row full_width=&#8221;stretch_row_content&#8221; css=&#8221;.vc_custom_1777468574815{padding-right: 35px !important;padding-left: 35px !important;}&#8221;][vc_column][vc_empty_space height=&#8221;80px&#8221;][vc_row_inner][vc_column_inner width=&#8221;1\/4&#8243;][vc_empty_space height=&#8221;60px&#8221;][\/vc_column_inner][vc_column_inner width=&#8221;1\/4&#8243;][vc_empty_space height=&#8221;60px&#8221;][\/vc_column_inner][vc_column_inner width=&#8221;1\/4&#8243;][vc_empty_space height=&#8221;60px&#8221;][\/vc_column_inner][vc_column_inner width=&#8221;1\/4&#8243;][vc_empty_space height=&#8221;60px&#8221;][\/vc_column_inner][\/vc_row_inner][\/vc_column][\/vc_row]<\/p>\n","protected":false},"author":1,"featured_media":0,"parent":0,"menu_order":0,"comment_status":"closed","ping_status":"closed","template":"","meta":{"footnotes":""},"class_list":["post-3514","page","type-page","status-publish","hentry"],"_links":{"self":[{"href":"https:\/\/www.transreallogistica.com.br\/index.php?rest_route=\/wp\/v2\/pages\/3514","targetHints":{"allow":["GET"]}}],"collection":[{"href":"https:\/\/www.transreallogistica.com.br\/index.php?rest_route=\/wp\/v2\/pages"}],"about":[{"href":"https:\/\/www.transreallogistica.com.br\/index.php?rest_route=\/wp\/v2\/types\/page"}],"author":[{"embeddable":true,"href":"https:\/\/www.transreallogistica.com.br\/index.php?rest_route=\/wp\/v2\/users\/1"}],"replies":[{"embeddable":true,"href":"https:\/\/www.transreallogistica.com.br\/index.php?rest_route=%2Fwp%2Fv2%2Fcomments&post=3514"}],"version-history":[{"count":32,"href":"https:\/\/www.transreallogistica.com.br\/index.php?rest_route=\/wp\/v2\/pages\/3514\/revisions"}],"predecessor-version":[{"id":3557,"href":"https:\/\/www.transreallogistica.com.br\/index.php?rest_route=\/wp\/v2\/pages\/3514\/revisions\/3557"}],"wp:attachment":[{"href":"https:\/\/www.transreallogistica.com.br\/index.php?rest_route=%2Fwp%2Fv2%2Fmedia&parent=3514"}],"curies":[{"name":"wp","href":"https:\/\/api.w.org\/{rel}","templated":true}]}}